{"id":2339,"date":"2024-03-10T13:13:27","date_gmt":"2024-03-10T12:13:27","guid":{"rendered":"https:\/\/haus-kaufen-mallorca.com\/proteccion-de-datos\/"},"modified":"2024-03-11T20:06:10","modified_gmt":"2024-03-11T19:06:10","slug":"proteccion-de-datos","status":"publish","type":"page","link":"https:\/\/haus-kaufen-mallorca.com\/es\/proteccion-de-datos\/","title":{"rendered":"Protecci\u00f3n de datos"},"content":{"rendered":"\t\t<div data-elementor-type=\"wp-page\" data-elementor-id=\"2339\" class=\"elementor elementor-2339 elementor-2116\" data-elementor-post-type=\"page\">\n\t\t\t\t\t\t<section class=\"elementor-section elementor-top-section elementor-element elementor-element-8bc0f69 elementor-section-boxed elementor-section-height-default elementor-section-height-default\" data-id=\"8bc0f69\" data-element_type=\"section\" data-settings=\"{&quot;background_background&quot;:&quot;classic&quot;}\">\n\t\t\t\t\t\t\t<div class=\"elementor-background-overlay\"><\/div>\n\t\t\t\t\t\t\t<div class=\"elementor-container elementor-column-gap-no\">\n\t\t\t\t\t<div class=\"elementor-column elementor-col-100 elementor-top-column elementor-element elementor-element-62f9894\" data-id=\"62f9894\" data-element_type=\"column\">\n\t\t\t<div class=\"elementor-widget-wrap elementor-element-populated\">\n\t\t\t\t\t\t<div class=\"elementor-element elementor-element-9616554 elementor-widget elementor-widget-heading\" data-id=\"9616554\" data-element_type=\"widget\" data-widget_type=\"heading.default\">\n\t\t\t\t<div class=\"elementor-widget-container\">\n\t\t\t<style>\/*! elementor - v3.19.0 - 28-02-2024 *\/\n.elementor-heading-title{padding:0;margin:0;line-height:1}.elementor-widget-heading .elementor-heading-title[class*=elementor-size-]>a{color:inherit;font-size:inherit;line-height:inherit}.elementor-widget-heading .elementor-heading-title.elementor-size-small{font-size:15px}.elementor-widget-heading .elementor-heading-title.elementor-size-medium{font-size:19px}.elementor-widget-heading .elementor-heading-title.elementor-size-large{font-size:29px}.elementor-widget-heading .elementor-heading-title.elementor-size-xl{font-size:39px}.elementor-widget-heading .elementor-heading-title.elementor-size-xxl{font-size:59px}<\/style><h2 class=\"elementor-heading-title elementor-size-default\">Protecci\u00f3n de datos<\/h2>\t\t<\/div>\n\t\t\t\t<\/div>\n\t\t\t\t\t<\/div>\n\t\t<\/div>\n\t\t\t\t\t<\/div>\n\t\t<\/section>\n\t\t<div class=\"elementor-element elementor-element-50ce257 e-flex e-con-boxed e-con e-parent\" data-id=\"50ce257\" data-element_type=\"container\" data-settings=\"{&quot;content_width&quot;:&quot;boxed&quot;}\" data-core-v316-plus=\"true\">\n\t\t\t\t\t<div class=\"e-con-inner\">\n\t\t\t\t<div class=\"elementor-element elementor-element-426b817 elementor-widget elementor-widget-text-editor\" data-id=\"426b817\" data-element_type=\"widget\" data-widget_type=\"text-editor.default\">\n\t\t\t\t<div class=\"elementor-widget-container\">\n\t\t\t<style>\/*! elementor - v3.19.0 - 28-02-2024 *\/\n.elementor-widget-text-editor.elementor-drop-cap-view-stacked .elementor-drop-cap{background-color:#69727d;color:#fff}.elementor-widget-text-editor.elementor-drop-cap-view-framed .elementor-drop-cap{color:#69727d;border:3px solid;background-color:transparent}.elementor-widget-text-editor:not(.elementor-drop-cap-view-default) .elementor-drop-cap{margin-top:8px}.elementor-widget-text-editor:not(.elementor-drop-cap-view-default) .elementor-drop-cap-letter{width:1em;height:1em}.elementor-widget-text-editor .elementor-drop-cap{float:left;text-align:center;line-height:1;font-size:50px}.elementor-widget-text-editor .elementor-drop-cap-letter{display:inline-block}<\/style>\t\t\t\t<h2 dir=\"ltr\"><span>Pol\u00edtica de privacidad<\/span><\/h2>\n<p dir=\"ltr\"><span><span><\/span><\/span><\/p>\n<p><span>El organismo responsable en el sentido de la ley de protecci\u00f3n de datos es el:<br><br><\/span><\/p>\n<p dir=\"ltr\"><span>Cornelis Baleares SL<\/span><\/p>\n<p dir=\"ltr\"><span>Director General: Sr. Mike Cornelis<\/span><\/p>\n<p dir=\"ltr\"><span>Paseo Infanta Carlota 40<\/span><\/p>\n<p dir=\"ltr\"><span>07680 Porto Cristo Novo<\/span><\/p>\n<p dir=\"ltr\"><span>Tel\u00e9fono (0034) 634 007 000<\/span><\/p>\n<p dir=\"ltr\"><span>Tel\u00e9fono (0049) 171 960 9300<\/span><\/p>\n<p dir=\"ltr\"><span>Registrada en 07013 Palma de Mallorca (Espa\u00f1a) con el n\u00famero B16648271<\/span><\/p>\n<p><span>&nbsp;<\/span><\/p>\n<p><br><span><span><\/span><\/span><\/p>\n<h2><span>RECOGIDA DE INFORMACI\u00d3N GENERAL<\/span><\/h2>\n<h2><span><span><\/span><\/span><\/h2>\n<p><span>Cuando accede a nuestro sitio web, se recopila autom\u00e1ticamente informaci\u00f3n de car\u00e1cter general. Esta informaci\u00f3n (archivos de registro del servidor) incluye, por ejemplo, el tipo de navegador web, el sistema operativo utilizado, el nombre de dominio de su proveedor de servicios de Internet y similares. Se trata exclusivamente de informaci\u00f3n que no permite sacar conclusiones sobre su persona. Esta informaci\u00f3n es t\u00e9cnicamente necesaria para entregar correctamente el contenido del sitio web solicitado por usted y es obligatoria cuando se utiliza Internet. La informaci\u00f3n an\u00f3nima de este tipo es evaluada estad\u00edsticamente por nosotros con el fin de optimizar nuestro sitio web y la tecnolog\u00eda que lo sustenta.<\/span><\/p>\n<p><span><span><\/span><\/span><\/p>\n<h2><span>COOKIES<\/span><\/h2>\n<h2><span><span><\/span><\/span><\/h2>\n<p><span>Como muchos otros sitios web, tambi\u00e9n utilizamos las llamadas \u00abcookies\u00bb. Las cookies son peque\u00f1os archivos de texto que se transfieren del servidor de un sitio web a su disco duro. Como resultado, recibimos autom\u00e1ticamente ciertos datos como la direcci\u00f3n IP, el navegador utilizado, el sistema operativo a trav\u00e9s de su ordenador y su conexi\u00f3n a Internet. Las cookies no pueden utilizarse para iniciar programas o transferir virus a un ordenador. Utilizando la informaci\u00f3n contenida en las cookies, podemos facilitarle la navegaci\u00f3n y permitir la correcta visualizaci\u00f3n de nuestras p\u00e1ginas web. En ning\u00fan caso los datos recogidos por nosotros se transmitir\u00e1n a terceros ni se vincular\u00e1n a datos personales sin su consentimiento. Por supuesto, tambi\u00e9n puede ver nuestro sitio web sin cookies. Los navegadores de Internet suelen estar configurados para aceptar cookies. Puede desactivar el uso de cookies en cualquier momento a trav\u00e9s de la configuraci\u00f3n de su navegador. Utilice las funciones de ayuda de su navegador de Internet para saber c\u00f3mo cambiar estos ajustes. Tenga en cuenta que algunas funciones de nuestro sitio web pueden no funcionar si ha desactivado el uso de cookies.<\/span><\/p>\n<p><span><span><\/span><\/span><\/p>\n<h2><span>FORMULARIO DE CONTACTO<\/span><\/h2>\n<h2><span><span><\/span><\/span><\/h2>\n<p><span>Si se pone en contacto con nosotros por correo electr\u00f3nico o a trav\u00e9s del formulario de contacto, la informaci\u00f3n que nos proporcione se almacenar\u00e1 con el fin de procesar su consulta y para posibles preguntas de seguimiento.<\/span><\/p>\n<p><br><span>Supresi\u00f3n o bloqueo de datos<\/span><\/p>\n<p><span><span><\/span><\/span><\/p>\n<p><span>Nos adherimos a los principios de evitaci\u00f3n y minimizaci\u00f3n de datos. Por lo tanto, s\u00f3lo almacenamos sus datos personales durante el tiempo necesario para cumplir los fines aqu\u00ed indicados o durante los distintos periodos de almacenamiento estipulados por la ley. Una vez que haya dejado de existir la finalidad respectiva o hayan expirado dichos plazos, los datos correspondientes se bloquear\u00e1n o suprimir\u00e1n de forma rutinaria de conformidad con las disposiciones legales.<\/span><\/p>\n<p><span style=\"font-style: inherit; font-weight: inherit; text-align: var(--text-align); background-color: var(--ast-global-color-5); color: var(--ast-global-color-3);\">La direcci\u00f3n IP se anonimiza inmediatamente despu\u00e9s de su procesamiento y antes de ser almacenada. Usted tiene la opci\u00f3n de impedir la instalaci\u00f3n de cookies cambiando la configuraci\u00f3n del software de su navegador. Le advertimos de que es posible que no todas las funciones de este sitio web est\u00e9n disponibles si se modifican los ajustes correspondientes.<\/span><br><\/p>\n<p><span>Usted puede decidir si se almacena en su navegador una cookie de an\u00e1lisis web \u00fanica que permita al operador del sitio web recopilar y analizar diversos datos estad\u00edsticos.<\/span><\/p>\n<p><span><span><\/span><\/span><\/p>\n<h2><span>USO DE GOOGLE MAPS<\/span><\/h2>\n<h2><span><span><\/span><\/span><\/h2>\n<p><span>Este sitio web utiliza la API de Google Maps para visualizar informaci\u00f3n geogr\u00e1fica. Al utilizar Google Maps, Google tambi\u00c3\u00a9n recopila, procesa y utiliza datos sobre el uso de las funciones de mapas por parte de los visitantes. Encontrar\u00e1 m\u00e1s informaci\u00f3n sobre el tratamiento de datos por parte de Google en la pol\u00edtica de privacidad de Google.<\/span><span>hombres. Tambi\u00e9n puede gestionar sus datos personales en el centro de protecci\u00f3n de datos&nbsp;<\/span><span>Cambiar la configuraci\u00f3n de protecci\u00f3n de datos. Encontrar\u00e1 instrucciones detalladas sobre la gesti\u00f3n de sus propios datos en relaci\u00f3n con los productos de Google aqu\u00ed.<\/span><\/p>\n<p><span><span><span><\/span><\/span><\/span><\/p>\n<h2><span>IM\u00c1GENES Y FOTOS INCRUSTADAS<\/span><\/h2>\n<h2><span><span><span><\/span><\/span><\/span><\/h2>\n<p><span>En nuestra p\u00e1gina web utilizamos im\u00e1genes y fotos propias y de terceros. Utilizamos im\u00e1genes y fotos libres de licencia, as\u00ed como im\u00e1genes y fotos con licencia pero disponibles gratuitamente, por ejemplo, de CANVA.com.&nbsp;<\/span><\/p>\n<p><span style=\"color: rgb(161, 128, 96); font-family: \"Be Vietnam Pro\", sans-serif; font-size: 2.66667rem; font-style: inherit; font-weight: 600; text-align: var(--text-align); background-color: var(--ast-global-color-5);\"><br><\/span><\/p>\n<p><span style=\"color: rgb(161, 128, 96); font-family: \"Be Vietnam Pro\", sans-serif; font-size: 2.66667rem; font-style: inherit; font-weight: 600; text-align: var(--text-align); background-color: var(--ast-global-color-5);\">E<\/span><span style=\"color: rgb(161, 128, 96); font-family: \"Be Vietnam Pro\", sans-serif; font-size: 2.66667rem; font-style: inherit; font-weight: 600; text-align: var(--text-align); background-color: var(--ast-global-color-5);\">V\u00cdDEOS DE YOUTUBE INCRUSTADOS<\/span><\/p>\n<h2><span><span><\/span><\/span><\/h2>\n<p><span>En algunos de nuestros sitios web incrustamos v\u00eddeos de YouTube. El operador de los plugins correspondientes es YouTube, LLC, 901 Cherry Ave, San Bruno, CA 94066, USA. Cuando usted visita una p\u00e1gina con el plugin de YouTube, se establece una conexi\u00f3n con los servidores de YouTube. Se informa a YouTube de las p\u00e1ginas que visita. Si ha iniciado sesi\u00f3n en su cuenta de YouTube, YouTube puede asignarle personalmente su comportamiento de navegaci\u00f3n. Puede evitarlo desconect\u00e1ndose previamente de su cuenta de YouTube. Cuando se inicia un v\u00eddeo de YouTube, el proveedor utiliza cookies que recopilan informaci\u00f3n sobre el comportamiento del usuario. Si ha desactivado el almacenamiento de cookies para el programa de anuncios de Google, no tendr\u00e1 que esperar ninguna de estas cookies cuando vea v\u00eddeos de YouTube. Sin embargo, YouTube tambi\u00e9n almacena informaci\u00f3n de uso no personalizada en otras cookies. Si desea evitarlo, debe bloquear el almacenamiento de cookies en su navegador. Encontrar\u00e1 m\u00e1s informaci\u00f3n sobre la protecci\u00f3n de datos en \u00abYoutube\u00bb en la pol\u00edtica de privacidad del proveedor en<a href=\"https:\/\/www.google.de\/intl\/de\/policies\/privacy\/\" target=\"_blank\" rel=\"noreferrer noopener\">https:\/\/www.google.de\/intl\/de\/policies\/privacy\/<\/a><\/span><\/p>\n<p><span><span><\/span><\/span><\/p>\n<h2><span>SUS DERECHOS DE INFORMACI\u00d3N, RECTIFICACI\u00d3N, BLOQUEO, SUPRESI\u00d3N Y OPOSICI\u00d3N<\/span><\/h2>\n<h2><span><span><\/span><\/span><\/h2>\n<p><span>Tiene derecho a recibir informaci\u00f3n sobre sus datos personales almacenados por nosotros en cualquier momento. Tambi\u00e9n tiene derecho a corregir, bloquear o, aparte del almacenamiento de datos prescrito para las transacciones comerciales, eliminar sus datos personales. P\u00f3ngase en contacto con nuestro responsable de protecci\u00f3n de datos. A continuaci\u00f3n encontrar\u00e1 los datos de contacto. Para garantizar que los datos puedan bloquearse en cualquier momento, deben conservarse en un fichero de bloqueo con fines de control. Tambi\u00e9n puede solicitar la supresi\u00f3n de los datos si no existe obligaci\u00f3n legal de archivarlos. Si existe tal obligaci\u00f3n, bloquearemos sus datos previa solicitud. Puede modificar o retirar su consentimiento con efecto para el futuro notific\u00e1ndonoslo.<\/span><\/p>\n<p><span><span><\/span><\/span><\/p>\n<h2><span>MODIFICACI\u00d3N DE NUESTRA NORMATIVA SOBRE PROTECCI\u00d3N DE DATOS<\/span><\/h2>\n<h2><span><span><\/span><\/span><\/h2>\n<p><span>Nos reservamos el derecho a modificar esta pol\u00edtica de privacidad de vez en cuando para que siempre cumpla con los requisitos legales vigentes o para implementar cambios en nuestros servicios en la pol\u00edtica de privacidad, por ejemplo, al introducir nuevos servicios. La nueva pol\u00edtica de privacidad se aplicar\u00e1 a su pr\u00f3xima visita.&nbsp;<\/span><\/p>\n<p><span style=\"font-style: inherit; font-weight: inherit; text-align: var(--text-align); background-color: var(--ast-global-color-5); color: var(--ast-global-color-3);\">Cornelis Baleares SL<\/span><br><\/p>\n<p dir=\"ltr\"><span>Director General: Sr. Mike Cornelis<\/span><\/p>\n<p dir=\"ltr\"><span>Paseo Infanta Carlota 40<\/span><\/p>\n<p dir=\"ltr\"><span>07680 Porto Cristo Novo<\/span><\/p>\n<p dir=\"ltr\"><span>Tel\u00e9fono (0034) 634 007 000<\/span><\/p>\n<p dir=\"ltr\"><span>Tel\u00e9fono (0049) 171 960 9300<\/span><\/p>\n<p dir=\"ltr\"><span>Registrada en 07013 Palma de Mallorca (Espa\u00f1a) con el n\u00famero B16648271<\/span><\/p><p dir=\"ltr\"><span><span style=\"color: rgb(0, 0, 0); font-family: montserrat, sans-serif; font-size: 15px; text-align: justify;\">Fuente: eRecht24, el portal de Derecho de Internet del abogado S\u00f6ren Siebert<\/span><br><\/span><\/p>\t\t\t\t\t\t<\/div>\n\t\t\t\t<\/div>\n\t\t\t\t\t<\/div>\n\t\t\t\t<\/div>\n\t\t\t\t<\/div>\n\t\t","protected":false},"excerpt":{"rendered":"<p>Protecci\u00f3n de datos Pol\u00edtica de privacidad El organismo responsable en el sentido de la ley de protecci\u00f3n de datos es el: Cornelis Baleares SL Director General: Sr. Mike Cornelis Paseo Infanta Carlota 40 07680 Porto Cristo Novo Tel\u00e9fono (0034) 634 007 000 Tel\u00e9fono (0049) 171 960 9300 Registrada en 07013 Palma de Mallorca (Espa\u00f1a) con [&hellip;]<\/p>\n","protected":false},"author":1,"featured_media":0,"parent":0,"menu_order":0,"comment_status":"closed","ping_status":"closed","template":"","meta":{"site-sidebar-layout":"no-sidebar","site-content-layout":"page-builder","ast-site-content-layout":"full-width-container","site-content-style":"unboxed","site-sidebar-style":"unboxed","ast-global-header-display":"","ast-banner-title-visibility":"","ast-main-header-display":"","ast-hfb-above-header-display":"","ast-hfb-below-header-display":"","ast-hfb-mobile-header-display":"","site-post-title":"disabled","ast-breadcrumbs-content":"","ast-featured-img":"disabled","footer-sml-layout":"","theme-transparent-header-meta":"enabled","adv-header-id-meta":"","stick-header-meta":"","header-above-stick-meta":"","header-main-stick-meta":"","header-below-stick-meta":"","astra-migrate-meta-layouts":"default","ast-page-background-enabled":"default","ast-page-background-meta":{"desktop":{"background-color":"var(--ast-global-color-4)","background-image":"","background-repeat":"repeat","background-position":"center center","background-size":"auto","background-attachment":"scroll","background-type":"","background-media":"","overlay-type":"","overlay-color":"","overlay-gradient":""},"tablet":{"background-color":"","background-image":"","background-repeat":"repeat","background-position":"center center","background-size":"auto","background-attachment":"scroll","background-type":"","background-media":"","overlay-type":"","overlay-color":"","overlay-gradient":""},"mobile":{"background-color":"","background-image":"","background-repeat":"repeat","background-position":"center center","background-size":"auto","background-attachment":"scroll","background-type":"","background-media":"","overlay-type":"","overlay-color":"","overlay-gradient":""}},"ast-content-background-meta":{"desktop":{"background-color":"var(--ast-global-color-5)","background-image":"","background-repeat":"repeat","background-position":"center center","background-size":"auto","background-attachment":"scroll","background-type":"","background-media":"","overlay-type":"","overlay-color":"","overlay-gradient":""},"tablet":{"background-color":"var(--ast-global-color-5)","background-image":"","background-repeat":"repeat","background-position":"center center","background-size":"auto","background-attachment":"scroll","background-type":"","background-media":"","overlay-type":"","overlay-color":"","overlay-gradient":""},"mobile":{"background-color":"var(--ast-global-color-5)","background-image":"","background-repeat":"repeat","background-position":"center center","background-size":"auto","background-attachment":"scroll","background-type":"","background-media":"","overlay-type":"","overlay-color":"","overlay-gradient":""}},"footnotes":""},"class_list":["post-2339","page","type-page","status-publish","hentry"],"yoast_head":"<!-- This site is optimized with the Yoast SEO plugin v22.2 - https:\/\/yoast.com\/wordpress\/plugins\/seo\/ -->\n<title>Protecci\u00f3n de datos | Haus kaufen auf Mallorca<\/title>\n<meta name=\"robots\" content=\"noindex, follow\" \/>\n<meta property=\"og:locale\" content=\"es_ES\" \/>\n<meta property=\"og:type\" content=\"article\" \/>\n<meta property=\"og:title\" content=\"Protecci\u00f3n de datos | Haus kaufen auf Mallorca\" \/>\n<meta property=\"og:description\" content=\"Protecci\u00f3n de datos Pol\u00edtica de privacidad El organismo responsable en el sentido de la ley de protecci\u00f3n de datos es el: Cornelis Baleares SL Director General: Sr. Mike Cornelis Paseo Infanta Carlota 40 07680 Porto Cristo Novo Tel\u00e9fono (0034) 634 007 000 Tel\u00e9fono (0049) 171 960 9300 Registrada en 07013 Palma de Mallorca (Espa\u00f1a) con [&hellip;]\" \/>\n<meta property=\"og:url\" content=\"https:\/\/haus-kaufen-mallorca.com\/es\/proteccion-de-datos\/\" \/>\n<meta property=\"og:site_name\" content=\"Haus kaufen auf Mallorca\" \/>\n<meta property=\"article:modified_time\" content=\"2024-03-11T19:06:10+00:00\" \/>\n<meta property=\"og:image\" content=\"https:\/\/haus-kaufen-mallorca.com\/wp-content\/uploads\/2023\/12\/Haus-kaufen-Mallorca-cornelis-sicher-fair.png\" \/>\n\t<meta property=\"og:image:width\" content=\"1500\" \/>\n\t<meta property=\"og:image:height\" content=\"1500\" \/>\n\t<meta property=\"og:image:type\" content=\"image\/png\" \/>\n<meta name=\"twitter:card\" content=\"summary_large_image\" \/>\n<meta name=\"twitter:label1\" content=\"Tiempo de lectura\" \/>\n\t<meta name=\"twitter:data1\" content=\"6 minutos\" \/>\n<script type=\"application\/ld+json\" class=\"yoast-schema-graph\">{\"@context\":\"https:\/\/schema.org\",\"@graph\":[{\"@type\":\"WebPage\",\"@id\":\"https:\/\/haus-kaufen-mallorca.com\/es\/proteccion-de-datos\/\",\"url\":\"https:\/\/haus-kaufen-mallorca.com\/es\/proteccion-de-datos\/\",\"name\":\"Protecci\u00f3n de datos | Haus kaufen auf Mallorca\",\"isPartOf\":{\"@id\":\"https:\/\/haus-kaufen-mallorca.com\/es\/#website\"},\"datePublished\":\"2024-03-10T12:13:27+00:00\",\"dateModified\":\"2024-03-11T19:06:10+00:00\",\"breadcrumb\":{\"@id\":\"https:\/\/haus-kaufen-mallorca.com\/es\/proteccion-de-datos\/#breadcrumb\"},\"inLanguage\":\"es\",\"potentialAction\":[{\"@type\":\"ReadAction\",\"target\":[\"https:\/\/haus-kaufen-mallorca.com\/es\/proteccion-de-datos\/\"]}]},{\"@type\":\"BreadcrumbList\",\"@id\":\"https:\/\/haus-kaufen-mallorca.com\/es\/proteccion-de-datos\/#breadcrumb\",\"itemListElement\":[{\"@type\":\"ListItem\",\"position\":1,\"name\":\"Startseite\",\"item\":\"https:\/\/haus-kaufen-mallorca.com\/es\/\"},{\"@type\":\"ListItem\",\"position\":2,\"name\":\"Protecci\u00f3n de datos\"}]},{\"@type\":\"WebSite\",\"@id\":\"https:\/\/haus-kaufen-mallorca.com\/es\/#website\",\"url\":\"https:\/\/haus-kaufen-mallorca.com\/es\/\",\"name\":\"Haus kaufen auf Mallorca\",\"description\":\"Rechtssicherer Immobilienerwerb\",\"publisher\":{\"@id\":\"https:\/\/haus-kaufen-mallorca.com\/es\/#organization\"},\"potentialAction\":[{\"@type\":\"SearchAction\",\"target\":{\"@type\":\"EntryPoint\",\"urlTemplate\":\"https:\/\/haus-kaufen-mallorca.com\/es\/?s={search_term_string}\"},\"query-input\":\"required name=search_term_string\"}],\"inLanguage\":\"es\"},{\"@type\":\"Organization\",\"@id\":\"https:\/\/haus-kaufen-mallorca.com\/es\/#organization\",\"name\":\"Haus kaufen auf Mallorca\",\"url\":\"https:\/\/haus-kaufen-mallorca.com\/es\/\",\"logo\":{\"@type\":\"ImageObject\",\"inLanguage\":\"es\",\"@id\":\"https:\/\/haus-kaufen-mallorca.com\/es\/#\/schema\/logo\/image\/\",\"url\":\"http:\/\/haus-kaufen-mallorca.com\/wp-content\/uploads\/2023\/12\/Haus-kaufen-Mallorca-cornelis-logo.png\",\"contentUrl\":\"http:\/\/haus-kaufen-mallorca.com\/wp-content\/uploads\/2023\/12\/Haus-kaufen-Mallorca-cornelis-logo.png\",\"width\":1500,\"height\":1500,\"caption\":\"Haus kaufen auf Mallorca\"},\"image\":{\"@id\":\"https:\/\/haus-kaufen-mallorca.com\/es\/#\/schema\/logo\/image\/\"}}]}<\/script>\n<!-- \/ Yoast SEO plugin. -->","yoast_head_json":{"title":"Protecci\u00f3n de datos | Haus kaufen auf Mallorca","robots":{"index":"noindex","follow":"follow"},"og_locale":"es_ES","og_type":"article","og_title":"Protecci\u00f3n de datos | Haus kaufen auf Mallorca","og_description":"Protecci\u00f3n de datos Pol\u00edtica de privacidad El organismo responsable en el sentido de la ley de protecci\u00f3n de datos es el: Cornelis Baleares SL Director General: Sr. Mike Cornelis Paseo Infanta Carlota 40 07680 Porto Cristo Novo Tel\u00e9fono (0034) 634 007 000 Tel\u00e9fono (0049) 171 960 9300 Registrada en 07013 Palma de Mallorca (Espa\u00f1a) con [&hellip;]","og_url":"https:\/\/haus-kaufen-mallorca.com\/es\/proteccion-de-datos\/","og_site_name":"Haus kaufen auf Mallorca","article_modified_time":"2024-03-11T19:06:10+00:00","og_image":[{"width":1500,"height":1500,"url":"https:\/\/haus-kaufen-mallorca.com\/wp-content\/uploads\/2023\/12\/Haus-kaufen-Mallorca-cornelis-sicher-fair.png","type":"image\/png"}],"twitter_card":"summary_large_image","twitter_misc":{"Tiempo de lectura":"6 minutos"},"schema":{"@context":"https:\/\/schema.org","@graph":[{"@type":"WebPage","@id":"https:\/\/haus-kaufen-mallorca.com\/es\/proteccion-de-datos\/","url":"https:\/\/haus-kaufen-mallorca.com\/es\/proteccion-de-datos\/","name":"Protecci\u00f3n de datos | Haus kaufen auf Mallorca","isPartOf":{"@id":"https:\/\/haus-kaufen-mallorca.com\/es\/#website"},"datePublished":"2024-03-10T12:13:27+00:00","dateModified":"2024-03-11T19:06:10+00:00","breadcrumb":{"@id":"https:\/\/haus-kaufen-mallorca.com\/es\/proteccion-de-datos\/#breadcrumb"},"inLanguage":"es","potentialAction":[{"@type":"ReadAction","target":["https:\/\/haus-kaufen-mallorca.com\/es\/proteccion-de-datos\/"]}]},{"@type":"BreadcrumbList","@id":"https:\/\/haus-kaufen-mallorca.com\/es\/proteccion-de-datos\/#breadcrumb","itemListElement":[{"@type":"ListItem","position":1,"name":"Startseite","item":"https:\/\/haus-kaufen-mallorca.com\/es\/"},{"@type":"ListItem","position":2,"name":"Protecci\u00f3n de datos"}]},{"@type":"WebSite","@id":"https:\/\/haus-kaufen-mallorca.com\/es\/#website","url":"https:\/\/haus-kaufen-mallorca.com\/es\/","name":"Haus kaufen auf Mallorca","description":"Rechtssicherer Immobilienerwerb","publisher":{"@id":"https:\/\/haus-kaufen-mallorca.com\/es\/#organization"},"potentialAction":[{"@type":"SearchAction","target":{"@type":"EntryPoint","urlTemplate":"https:\/\/haus-kaufen-mallorca.com\/es\/?s={search_term_string}"},"query-input":"required name=search_term_string"}],"inLanguage":"es"},{"@type":"Organization","@id":"https:\/\/haus-kaufen-mallorca.com\/es\/#organization","name":"Haus kaufen auf Mallorca","url":"https:\/\/haus-kaufen-mallorca.com\/es\/","logo":{"@type":"ImageObject","inLanguage":"es","@id":"https:\/\/haus-kaufen-mallorca.com\/es\/#\/schema\/logo\/image\/","url":"http:\/\/haus-kaufen-mallorca.com\/wp-content\/uploads\/2023\/12\/Haus-kaufen-Mallorca-cornelis-logo.png","contentUrl":"http:\/\/haus-kaufen-mallorca.com\/wp-content\/uploads\/2023\/12\/Haus-kaufen-Mallorca-cornelis-logo.png","width":1500,"height":1500,"caption":"Haus kaufen auf Mallorca"},"image":{"@id":"https:\/\/haus-kaufen-mallorca.com\/es\/#\/schema\/logo\/image\/"}}]}},"_links":{"self":[{"href":"https:\/\/haus-kaufen-mallorca.com\/es\/wp-json\/wp\/v2\/pages\/2339","targetHints":{"allow":["GET"]}}],"collection":[{"href":"https:\/\/haus-kaufen-mallorca.com\/es\/wp-json\/wp\/v2\/pages"}],"about":[{"href":"https:\/\/haus-kaufen-mallorca.com\/es\/wp-json\/wp\/v2\/types\/page"}],"author":[{"embeddable":true,"href":"https:\/\/haus-kaufen-mallorca.com\/es\/wp-json\/wp\/v2\/users\/1"}],"replies":[{"embeddable":true,"href":"https:\/\/haus-kaufen-mallorca.com\/es\/wp-json\/wp\/v2\/comments?post=2339"}],"version-history":[{"count":2,"href":"https:\/\/haus-kaufen-mallorca.com\/es\/wp-json\/wp\/v2\/pages\/2339\/revisions"}],"predecessor-version":[{"id":2341,"href":"https:\/\/haus-kaufen-mallorca.com\/es\/wp-json\/wp\/v2\/pages\/2339\/revisions\/2341"}],"wp:attachment":[{"href":"https:\/\/haus-kaufen-mallorca.com\/es\/wp-json\/wp\/v2\/media?parent=2339"}],"curies":[{"name":"wp","href":"https:\/\/api.w.org\/{rel}","templated":true}]}}